{"id":8870,"date":"2026-03-31T17:17:45","date_gmt":"2026-03-31T15:17:45","guid":{"rendered":"https:\/\/www.fitchef.fr\/?post_type=product&#038;p=8870"},"modified":"2026-03-31T18:04:52","modified_gmt":"2026-03-31T16:04:52","slug":"tiramisu","status":"publish","type":"product","link":"https:\/\/www.fitchef.fr\/index.php\/produit\/tiramisu\/","title":{"rendered":"Tiramisu"},"content":{"rendered":"<p><strong style=\"font-style: italic;\">Ingr\u00e9dients :\u00a0<\/strong><i>mascarpone, cr\u00e8me, oeufs, vanille, farine de bl\u00e9, sucre roux, sel, sp\u00e9culos, fruits rouges<\/i><br \/>\n<em>Peut contenir des traces de cacahu\u00e8te et de FRUITS \u00c0 COQUE<\/em><\/p>\n<p><em><strong>Conservation : <\/strong>doit se conserver au r\u00e9frig\u00e9rateur et doit \u00eatre consomm\u00e9 dans les 3 jours suivant livraison<\/em><\/p>\n<p>&nbsp;<\/p>\n","protected":false},"excerpt":{"rendered":"<ul>\n<li><strong><i>PAS D&rsquo;ENVOIS \u00a0COLIS !!! \u00c0 R\u00c9CUPER SUR PLACE, GUYANCOURT (78)*<\/i><br \/>\n<i>Pour les commandes d&rsquo;entremets merci de combiner votre commande avec un\u00a0email pour\u00a0d\u00e9terminer le jour exact de r\u00e9cup\u00e9ration de commande (du mardi au dimanche)<\/i><\/strong><\/li>\n<\/ul>\n<hr \/>\n<p>&nbsp;<\/p>\n<ul>\n<li>des biscuits cuill\u00e8re moelleux<\/li>\n<li>Une mousse mascarpone onctueuse, l\u00e9g\u00e8re et gourmande<\/li>\n<li>Une garniture selon votre choix (fruits rouges ou sp\u00e9culos)<\/li>\n<\/ul>\n<p>6\/8 parts<\/p>\n","protected":false},"featured_media":8881,"comment_status":"open","ping_status":"closed","template":"","meta":[],"product_brand":[],"product_cat":[47],"product_tag":[],"class_list":{"0":"post-8870","1":"product","2":"type-product","3":"status-publish","4":"has-post-thumbnail","6":"product_cat-gateaux","7":"product_shipping_class-produits-fragile","8":"description-off","10":"first","11":"instock","12":"taxable","13":"shipping-taxable","14":"purchasable","15":"product-type-simple"},"jetpack_sharing_enabled":true,"_links":{"self":[{"href":"https:\/\/www.fitchef.fr\/index.php\/wp-json\/wp\/v2\/product\/8870","targetHints":{"allow":["GET"]}}],"collection":[{"href":"https:\/\/www.fitchef.fr\/index.php\/wp-json\/wp\/v2\/product"}],"about":[{"href":"https:\/\/www.fitchef.fr\/index.php\/wp-json\/wp\/v2\/types\/product"}],"replies":[{"embeddable":true,"href":"https:\/\/www.fitchef.fr\/index.php\/wp-json\/wp\/v2\/comments?post=8870"}],"wp:featuredmedia":[{"embeddable":true,"href":"https:\/\/www.fitchef.fr\/index.php\/wp-json\/wp\/v2\/media\/8881"}],"wp:attachment":[{"href":"https:\/\/www.fitchef.fr\/index.php\/wp-json\/wp\/v2\/media?parent=8870"}],"wp:term":[{"taxonomy":"product_brand","embeddable":true,"href":"https:\/\/www.fitchef.fr\/index.php\/wp-json\/wp\/v2\/product_brand?post=8870"},{"taxonomy":"product_cat","embeddable":true,"href":"https:\/\/www.fitchef.fr\/index.php\/wp-json\/wp\/v2\/product_cat?post=8870"},{"taxonomy":"product_tag","embeddable":true,"href":"https:\/\/www.fitchef.fr\/index.php\/wp-json\/wp\/v2\/product_tag?post=8870"}],"curies":[{"name":"wp","href":"https:\/\/api.w.org\/{rel}","templated":true}]}}