{"id":7803,"date":"2024-02-12T18:51:51","date_gmt":"2024-02-12T17:51:51","guid":{"rendered":"https:\/\/www.fitchef.fr\/?post_type=product&#038;p=7803"},"modified":"2026-03-19T10:41:59","modified_gmt":"2026-03-19T09:41:59","slug":"vos-petits-dej-tous-prets","status":"publish","type":"product","link":"https:\/\/www.fitchef.fr\/index.php\/produit\/vos-petits-dej-tous-prets\/","title":{"rendered":"1 semaine de petits dej"},"content":{"rendered":"<p>&nbsp;<\/p>\n<p style=\"font-variant-caps: normal; font-family: Roboto, sans-serif; font-size: 14px; font-style: normal;\">Ingr\u00e9dients :<\/p>\n<ul>\n<li>Base de tous les overnights :\u00a0<i>\u00a0avoine, graines de chia, miel, vanille,\u00a0Beurre de cacahu\u00e8tes<\/i><\/li>\n<\/ul>\n<p style=\"font-variant-caps: normal; font-family: Roboto, sans-serif; font-size: 14px; font-style: normal;\">NB : \u00a0Tous nos produits sont\u00a0con\u00e7us dans une cuisine\u00a0qui peut manipuler de la farine de\u00a0bl\u00e9, des produits laitiers, et des arachides. Nos produits ne peuvent \u00eatre \u00e0 100% garantis sans gluten, sans lactose, ou sans arachides.<\/p>\n","protected":false},"excerpt":{"rendered":"<p><strong>C&rsquo;est d\u00e9j\u00e0 tout\u00a0pr\u00eat\u00a0!!!!\u00a0<\/strong><strong><br \/>\n<\/strong><\/p>\n<p>Ne perdez plus de temps le matin \u00e0 pr\u00e9parer votre petit d\u00e9jeuner, ou pire, sauter votre repas,\u00a0ces Overnights Oats sont l\u00e0 pour vous faciliter la vie.<\/p>\n<p>Les overnights oats, sont des sortes de porridges pleins de saveurs, riches en bons nutriments, superfoods, et prot\u00e9ine gr\u00e2ce notamment \u00e0 l&rsquo;avoine et aux graines de chia. De quoi vous caler pour la matin\u00e9e, et vous apporter tous les biens faits de ces ingr\u00e9dients superfoods.<\/p>\n<p>Choisissez vos petits dej pour toute la semaine. 1 pot = 1 petit d\u00e9jeuner.<\/p>\n<p>La veille au soir, versez du 100ml de lait (de votre choix) . M\u00e9langer, et laisser dans le r\u00e9frig\u00e9rateur toute la nuit.<br \/>\nLe lendemain c&rsquo;est pr\u00eat !!!! vous n&rsquo;avez plus qu&rsquo;\u00e0 d\u00e9guster.<br \/>\nPlus de perte de temps, transportable partout.<\/p>\n<p>&nbsp;<\/p>\n","protected":false},"featured_media":7815,"comment_status":"open","ping_status":"closed","template":"","meta":[],"product_brand":[],"product_cat":[49],"product_tag":[],"class_list":{"0":"post-7803","1":"product","2":"type-product","3":"status-publish","4":"has-post-thumbnail","6":"product_cat-snacks","7":"product_shipping_class-produits-non-fragile","9":"first","10":"instock","11":"featured","12":"taxable","13":"shipping-taxable","14":"purchasable","15":"product-type-variable"},"jetpack_sharing_enabled":true,"_links":{"self":[{"href":"https:\/\/www.fitchef.fr\/index.php\/wp-json\/wp\/v2\/product\/7803","targetHints":{"allow":["GET"]}}],"collection":[{"href":"https:\/\/www.fitchef.fr\/index.php\/wp-json\/wp\/v2\/product"}],"about":[{"href":"https:\/\/www.fitchef.fr\/index.php\/wp-json\/wp\/v2\/types\/product"}],"replies":[{"embeddable":true,"href":"https:\/\/www.fitchef.fr\/index.php\/wp-json\/wp\/v2\/comments?post=7803"}],"wp:featuredmedia":[{"embeddable":true,"href":"https:\/\/www.fitchef.fr\/index.php\/wp-json\/wp\/v2\/media\/7815"}],"wp:attachment":[{"href":"https:\/\/www.fitchef.fr\/index.php\/wp-json\/wp\/v2\/media?parent=7803"}],"wp:term":[{"taxonomy":"product_brand","embeddable":true,"href":"https:\/\/www.fitchef.fr\/index.php\/wp-json\/wp\/v2\/product_brand?post=7803"},{"taxonomy":"product_cat","embeddable":true,"href":"https:\/\/www.fitchef.fr\/index.php\/wp-json\/wp\/v2\/product_cat?post=7803"},{"taxonomy":"product_tag","embeddable":true,"href":"https:\/\/www.fitchef.fr\/index.php\/wp-json\/wp\/v2\/product_tag?post=7803"}],"curies":[{"name":"wp","href":"https:\/\/api.w.org\/{rel}","templated":true}]}}