{"id":7799,"date":"2024-02-12T18:31:00","date_gmt":"2024-02-12T17:31:00","guid":{"rendered":"https:\/\/www.fitchef.fr\/?post_type=product&#038;p=7799"},"modified":"2025-09-30T14:25:48","modified_gmt":"2025-09-30T12:25:48","slug":"barres-proteinees","status":"publish","type":"product","link":"https:\/\/www.fitchef.fr\/index.php\/produit\/barres-proteinees\/","title":{"rendered":"Barres Prot\u00e9in\u00e9es x10"},"content":{"rendered":"<p style=\"font-variant-caps: normal; font-family: Roboto, sans-serif; font-size: 14px; font-style: normal;\">MA recommandation de 1 barre par snack sera \u00e9videmment diff\u00e9rente selon chacun<br \/>\nVous avez le droit de tout manger \ud83e\udd23<\/p>\n<p><span style=\"font-family: Roboto, sans-serif;\">Ingr\u00e9dients :<\/span><i style=\"font-family: Roboto, sans-serif; font-size: 14px; font-style: normal; font-variant-caps: normal;\">\u00a0poudre d\u2019amande, vanille de la r\u00e9union, huile v\u00e9g\u00e9tale, avoine, sucre roux<\/i><i style=\"font-family: Roboto, sans-serif; font-size: 14px; font-style: normal; font-variant-caps: normal;\">, cranberries, noix, amandes, coco,\u00a0<\/i><span style=\"font-family: Roboto, sans-serif;\"><i>cacahu\u00e8tes, miel, whey\u00a0isolate<\/i><\/span><\/p>\n<p style=\"font-variant-caps: normal; font-family: Roboto, sans-serif; font-size: 14px; font-style: normal;\">NB : \u00a0Tous nos produits sont\u00a0con\u00e7us dans une cuisine\u00a0qui peut manipuler de la farine de\u00a0bl\u00e9, des produits laitiers, et des arachides. Nos produits ne peuvent \u00eatre \u00e0 100% garantis sans gluten, sans lactose, ou sans arachides.<\/p>\n","protected":false},"excerpt":{"rendered":"<p><strong>PROTEIN BARS au bon gouts de\u00a0cranberries.<br \/>\n<\/strong><\/p>\n<p>Elles sont moelleuses, gourmandes, et extr\u00eamement rassasiantes.<br \/>\nUne barre suffit pour vous apporter tous les nutriments n\u00e9cessaires \u00e0 la concentration et l&rsquo;\u00e9nergie n\u00e9cessaire pour continuer votre journ\u00e9e.<br \/>\nPetites mais costauds !<\/p>\n<p><strong>Paquet de 10<\/strong><\/p>\n","protected":false},"featured_media":8509,"comment_status":"open","ping_status":"closed","template":"","meta":[],"product_brand":[],"product_cat":[49],"product_tag":[],"class_list":{"0":"post-7799","1":"product","2":"type-product","3":"status-publish","4":"has-post-thumbnail","6":"product_cat-snacks","7":"product_shipping_class-produits-non-fragile","9":"first","10":"instock","11":"featured","12":"taxable","13":"shipping-taxable","14":"purchasable","15":"product-type-simple"},"jetpack_sharing_enabled":true,"_links":{"self":[{"href":"https:\/\/www.fitchef.fr\/index.php\/wp-json\/wp\/v2\/product\/7799","targetHints":{"allow":["GET"]}}],"collection":[{"href":"https:\/\/www.fitchef.fr\/index.php\/wp-json\/wp\/v2\/product"}],"about":[{"href":"https:\/\/www.fitchef.fr\/index.php\/wp-json\/wp\/v2\/types\/product"}],"replies":[{"embeddable":true,"href":"https:\/\/www.fitchef.fr\/index.php\/wp-json\/wp\/v2\/comments?post=7799"}],"wp:featuredmedia":[{"embeddable":true,"href":"https:\/\/www.fitchef.fr\/index.php\/wp-json\/wp\/v2\/media\/8509"}],"wp:attachment":[{"href":"https:\/\/www.fitchef.fr\/index.php\/wp-json\/wp\/v2\/media?parent=7799"}],"wp:term":[{"taxonomy":"product_brand","embeddable":true,"href":"https:\/\/www.fitchef.fr\/index.php\/wp-json\/wp\/v2\/product_brand?post=7799"},{"taxonomy":"product_cat","embeddable":true,"href":"https:\/\/www.fitchef.fr\/index.php\/wp-json\/wp\/v2\/product_cat?post=7799"},{"taxonomy":"product_tag","embeddable":true,"href":"https:\/\/www.fitchef.fr\/index.php\/wp-json\/wp\/v2\/product_tag?post=7799"}],"curies":[{"name":"wp","href":"https:\/\/api.w.org\/{rel}","templated":true}]}}