{"id":7793,"date":"2024-02-12T18:17:04","date_gmt":"2024-02-12T17:17:04","guid":{"rendered":"https:\/\/www.fitchef.fr\/?post_type=product&#038;p=7793"},"modified":"2026-03-19T13:53:04","modified_gmt":"2026-03-19T12:53:04","slug":"preparation-pour-healthy-cookies","status":"publish","type":"product","link":"https:\/\/www.fitchef.fr\/index.php\/produit\/preparation-pour-healthy-cookies\/","title":{"rendered":"Mix Healthy \u00e0 pr\u00e9parer"},"content":{"rendered":"<p>&nbsp;<\/p>\n<p style=\"font-variant-caps: normal; font-family: Roboto, sans-serif; font-size: 14px; font-style: normal;\">Ingr\u00e9dients :<\/p>\n<ul>\n<li>Base de tous les cookies :\u00a0<i> poudre d\u2019amande, vanille de la r\u00e9union, amande amer, huile v\u00e9g\u00e9tale, avoine, oeufs, compote de pomme SSA, sucre roux<\/i><i>, levure, sucre, <\/i>farine de bl\u00e9<\/li>\n<\/ul>\n<p style=\"font-variant-caps: normal; font-family: Roboto, sans-serif; font-size: 14px; font-style: normal;\">NB : \u00a0Tous nos produits sont\u00a0con\u00e7us dans une cuisine\u00a0qui peut manipuler de la farine de\u00a0bl\u00e9, des produits laitiers, et des arachides. Nos produits ne peuvent \u00eatre \u00e0 100% garantis sans gluten, sans lactose, ou sans arachides.<\/p>\n","protected":false},"excerpt":{"rendered":"<p class=\"p1\"><b>Les Mix Healthy \u00e0 pr\u00e9parer soi-m\u00eame<\/b><b><\/b><\/p>\n<p class=\"p2\">Des pr\u00e9parations simples, gourmandes et pratiques pour se faire plaisir sans se compliquer la vie. Chaque sachet contient un m\u00e9lange pr\u00eat \u00e0 l\u2019emploi : il suffit g\u00e9n\u00e9ralement d\u2019ajouter un seul ingr\u00e9dient \u00e0 la maison, de m\u00e9langer, et c\u2019est pr\u00eat. Cookies x10, pancakes, brownie 6pers , porridge ou gaufres\u2026 des recettes pens\u00e9es pour gagner du temps tout en gardant le plaisir du fait maison, avec une approche plus saine et accessible au quotidien.<\/p>\n<p class=\"p1\"><b>En plus vous pouvez demander un topping pour servir avec vos pr\u00e9parations !\u00a0<\/b><b><\/b><\/p>\n<p class=\"p2\">\n","protected":false},"featured_media":7824,"comment_status":"open","ping_status":"closed","template":"","meta":[],"product_brand":[],"product_cat":[49],"product_tag":[],"class_list":{"0":"post-7793","1":"product","2":"type-product","3":"status-publish","4":"has-post-thumbnail","6":"product_cat-snacks","7":"product_shipping_class-produits-non-fragile","9":"first","10":"instock","11":"featured","12":"taxable","13":"shipping-taxable","14":"purchasable","15":"product-type-variable"},"jetpack_sharing_enabled":true,"_links":{"self":[{"href":"https:\/\/www.fitchef.fr\/index.php\/wp-json\/wp\/v2\/product\/7793","targetHints":{"allow":["GET"]}}],"collection":[{"href":"https:\/\/www.fitchef.fr\/index.php\/wp-json\/wp\/v2\/product"}],"about":[{"href":"https:\/\/www.fitchef.fr\/index.php\/wp-json\/wp\/v2\/types\/product"}],"replies":[{"embeddable":true,"href":"https:\/\/www.fitchef.fr\/index.php\/wp-json\/wp\/v2\/comments?post=7793"}],"wp:featuredmedia":[{"embeddable":true,"href":"https:\/\/www.fitchef.fr\/index.php\/wp-json\/wp\/v2\/media\/7824"}],"wp:attachment":[{"href":"https:\/\/www.fitchef.fr\/index.php\/wp-json\/wp\/v2\/media?parent=7793"}],"wp:term":[{"taxonomy":"product_brand","embeddable":true,"href":"https:\/\/www.fitchef.fr\/index.php\/wp-json\/wp\/v2\/product_brand?post=7793"},{"taxonomy":"product_cat","embeddable":true,"href":"https:\/\/www.fitchef.fr\/index.php\/wp-json\/wp\/v2\/product_cat?post=7793"},{"taxonomy":"product_tag","embeddable":true,"href":"https:\/\/www.fitchef.fr\/index.php\/wp-json\/wp\/v2\/product_tag?post=7793"}],"curies":[{"name":"wp","href":"https:\/\/api.w.org\/{rel}","templated":true}]}}