{"id":7608,"date":"2023-09-21T12:39:57","date_gmt":"2023-09-21T10:39:57","guid":{"rendered":"https:\/\/www.fitchef.fr\/?post_type=product&#038;p=7608"},"modified":"2025-10-04T17:21:55","modified_gmt":"2025-10-04T15:21:55","slug":"beurre-de-cacahuetes-chocolat","status":"publish","type":"product","link":"https:\/\/www.fitchef.fr\/index.php\/produit\/beurre-de-cacahuetes-chocolat\/","title":{"rendered":"Beurre de Cacahu\u00e8tes CHOCOLAT"},"content":{"rendered":"<p>Une texture plus a\u00e9rienne, plus liquide, moins compacte et surtout un go\u00fbt de cacahu\u00e8te bien plus prononc\u00e9<br \/>\nAucun additif, aucun sucre, ni graisse, ni conservateur qui masquerait le go\u00fbt de la cacahu\u00e8te grill\u00e9e et sal\u00e9e sera donc + fort en bouche<\/p>\n<h3><strong><em>Pot de 400g<br \/>\n<\/em><\/strong><\/h3>\n<h3><strong><em>1,2kgs rupture de stock<\/em><\/strong><\/h3>\n<p><strong style=\"font-style: italic;\">Ingr\u00e9dients<\/strong><i> : cacahu\u00e8tes, sel,\u00a0chocolat\u00a0<\/i><br \/>\n<i><strong>Conservation<\/strong> : 2\/3 mois au\u00a0r\u00e9frig\u00e9rateur\u00a0<\/i><\/p>\n","protected":false},"excerpt":{"rendered":"<p>Beurre de cacahu\u00e8te\u00a0<strong>MAISON<\/strong>\u00a0!!<br \/>\nChoisissez la version <strong>100% cacahu\u00e8te normale ou<\/strong>\u00a0version<strong>\u00a0Hyperprot\u00e9in\u00e9<\/strong>\u00a0(<strong>132g de prot\u00e9ines par pot de 400g<\/strong> <em>(soit 33g de prot\u00e9ines pour 100g!!)<\/em><\/p>\n<p>Puis choisissez avec ou sans <strong>cacahu\u00e8tes grill\u00e9es<\/strong>, avec ou sans <strong>p\u00e9pites de chocolat noir<\/strong><\/p>\n<p>Notre peanut butter claudique est 100% cacahu\u00e8te. Aucun sucre ajout\u00e9, cacahu\u00e8tes torr\u00e9fi\u00e9es, et une pointe de sel<br \/>\nLa version hyperprot\u00e9in\u00e9e est \u00e9labor\u00e9e avec une whey de qualit\u00e9 double chocolat pour la saveur choco (non vegan), ou whey sans ar\u00f4me pour le Beurre de cacahu\u00e8tes nature<\/p>\n<p>&nbsp;<\/p>\n<p><em>1,2kgs : RUPTURE DE STOCK<\/em><\/p>\n","protected":false},"featured_media":5555,"comment_status":"open","ping_status":"closed","template":"","meta":[],"product_brand":[],"product_cat":[51],"product_tag":[],"class_list":{"0":"post-7608","1":"product","2":"type-product","3":"status-publish","4":"has-post-thumbnail","6":"product_cat-a-tartiner","7":"product_shipping_class-produits-non-fragile","9":"first","10":"instock","11":"taxable","12":"shipping-taxable","13":"purchasable","14":"product-type-variable"},"jetpack_sharing_enabled":true,"_links":{"self":[{"href":"https:\/\/www.fitchef.fr\/index.php\/wp-json\/wp\/v2\/product\/7608","targetHints":{"allow":["GET"]}}],"collection":[{"href":"https:\/\/www.fitchef.fr\/index.php\/wp-json\/wp\/v2\/product"}],"about":[{"href":"https:\/\/www.fitchef.fr\/index.php\/wp-json\/wp\/v2\/types\/product"}],"replies":[{"embeddable":true,"href":"https:\/\/www.fitchef.fr\/index.php\/wp-json\/wp\/v2\/comments?post=7608"}],"wp:featuredmedia":[{"embeddable":true,"href":"https:\/\/www.fitchef.fr\/index.php\/wp-json\/wp\/v2\/media\/5555"}],"wp:attachment":[{"href":"https:\/\/www.fitchef.fr\/index.php\/wp-json\/wp\/v2\/media?parent=7608"}],"wp:term":[{"taxonomy":"product_brand","embeddable":true,"href":"https:\/\/www.fitchef.fr\/index.php\/wp-json\/wp\/v2\/product_brand?post=7608"},{"taxonomy":"product_cat","embeddable":true,"href":"https:\/\/www.fitchef.fr\/index.php\/wp-json\/wp\/v2\/product_cat?post=7608"},{"taxonomy":"product_tag","embeddable":true,"href":"https:\/\/www.fitchef.fr\/index.php\/wp-json\/wp\/v2\/product_tag?post=7608"}],"curies":[{"name":"wp","href":"https:\/\/api.w.org\/{rel}","templated":true}]}}