{"id":7555,"date":"2023-08-31T18:28:50","date_gmt":"2023-08-31T16:28:50","guid":{"rendered":"https:\/\/www.fitchef.fr\/?post_type=product&#038;p=7555"},"modified":"2023-10-09T22:58:44","modified_gmt":"2023-10-09T20:58:44","slug":"boite-patissiere-rose-a-fenetre","status":"publish","type":"product","link":"https:\/\/www.fitchef.fr\/index.php\/produit\/boite-patissiere-rose-a-fenetre\/","title":{"rendered":"Bo\u00eete p\u00e2tissi\u00e8re rose \u00e0 fen\u00eatre x10"},"content":{"rendered":"","protected":false},"excerpt":{"rendered":"<p><strong>lot de 10 boites<\/strong><\/p>\n<p>Dimensions L x P x H : <span class=\"stronger\">10.5 x 20 x 9.5 cm<\/span><\/p>\n","protected":false},"featured_media":7566,"comment_status":"open","ping_status":"closed","template":"","meta":[],"product_brand":[],"product_cat":[58],"product_tag":[],"class_list":{"0":"post-7555","1":"product","2":"type-product","3":"status-publish","4":"has-post-thumbnail","6":"product_cat-accessoires","7":"product_shipping_class-produits-non-fragile","9":"first","10":"instock","11":"taxable","12":"shipping-taxable","13":"purchasable","14":"product-type-simple"},"jetpack_sharing_enabled":true,"_links":{"self":[{"href":"https:\/\/www.fitchef.fr\/index.php\/wp-json\/wp\/v2\/product\/7555","targetHints":{"allow":["GET"]}}],"collection":[{"href":"https:\/\/www.fitchef.fr\/index.php\/wp-json\/wp\/v2\/product"}],"about":[{"href":"https:\/\/www.fitchef.fr\/index.php\/wp-json\/wp\/v2\/types\/product"}],"replies":[{"embeddable":true,"href":"https:\/\/www.fitchef.fr\/index.php\/wp-json\/wp\/v2\/comments?post=7555"}],"wp:featuredmedia":[{"embeddable":true,"href":"https:\/\/www.fitchef.fr\/index.php\/wp-json\/wp\/v2\/media\/7566"}],"wp:attachment":[{"href":"https:\/\/www.fitchef.fr\/index.php\/wp-json\/wp\/v2\/media?parent=7555"}],"wp:term":[{"taxonomy":"product_brand","embeddable":true,"href":"https:\/\/www.fitchef.fr\/index.php\/wp-json\/wp\/v2\/product_brand?post=7555"},{"taxonomy":"product_cat","embeddable":true,"href":"https:\/\/www.fitchef.fr\/index.php\/wp-json\/wp\/v2\/product_cat?post=7555"},{"taxonomy":"product_tag","embeddable":true,"href":"https:\/\/www.fitchef.fr\/index.php\/wp-json\/wp\/v2\/product_tag?post=7555"}],"curies":[{"name":"wp","href":"https:\/\/api.w.org\/{rel}","templated":true}]}}