{"id":7418,"date":"2023-07-31T16:22:31","date_gmt":"2023-07-31T14:22:31","guid":{"rendered":"https:\/\/www.fitchef.fr\/?post_type=product&#038;p=7418"},"modified":"2025-10-04T17:21:35","modified_gmt":"2025-10-04T15:21:35","slug":"peanut-butter-12kgs","status":"publish","type":"product","link":"https:\/\/www.fitchef.fr\/index.php\/produit\/peanut-butter-12kgs\/","title":{"rendered":"PEANUT BUTTER"},"content":{"rendered":"<p style=\"text-align: center;\"><em>\u00ab\u00a0Sans doute le meilleur beurre de cacahu\u00e8te que j&rsquo;ai jamais mang\u00e9\u00a0\u00bb<\/em><br \/>\nCette phrase revient souvent de mes clients&#8230;<\/p>\n<p>Une texture plus a\u00e9rienne, plus liquide, moins compacte et surtout un go\u00fbt de cacahu\u00e8te bien plus prononc\u00e9<br \/>\nAucun additif, aucun sucre, ni graisse, ni conservateur qui masquerait le go\u00fbt de la cacahu\u00e8te grill\u00e9e et sal\u00e9e sera donc + fort en bouche<\/p>\n<h3><strong><em>Pots de 400g<br \/>\n<\/em><\/strong><strong><em>1,2kgs &gt; rupture de stock<\/em><\/strong><\/h3>\n<p><strong style=\"font-style: italic;\">Ingr\u00e9dients<\/strong><i> : cacahu\u00e8tes, sel<\/i><br \/>\n<i><strong>Conservation<\/strong> : 5\/6 mois au\u00a0r\u00e9frig\u00e9rateur\u00a0<\/i><\/p>\n","protected":false},"excerpt":{"rendered":"<p><strong>\u00a0<\/strong>Beurre de cacahu\u00e8te\u00a0<strong>MAISON<\/strong>\u00a0!!\u00a0<strong>100% cacahu\u00e8te et<\/strong><strong>\u00a0Hyperprot\u00e9in\u00e9<\/strong><\/p>\n<p>Notre peanut butter claudique est 100% cacahu\u00e8te. Aucun sucre ajout\u00e9, cacahu\u00e8tes torr\u00e9fi\u00e9es, et une pointe de sel<br \/>\nLa version hyperprot\u00e9in\u00e9e est \u00e9labor\u00e9e avec une whey sans ar\u00f4me.<\/p>\n<p><em><strong>SOFT ou CRUNCHY Nuts \u00a0(avec morceaux de noisettes), CRUNCHY choco (avec p\u00e9pites de chocolat), ou les deux !<\/strong><\/em><\/p>\n<p>&nbsp;<\/p>\n<p><em>Prix au Kg : 400g (23,75\u20ac\/kg)<br \/>\n<\/em><em> 1,2kgs (19,16\u20ac\/kg) RUPTURE DE STOCK<br \/>\nIndicatif version soft non prot\u00e9in\u00e9e<\/em><\/p>\n","protected":false},"featured_media":7440,"comment_status":"open","ping_status":"closed","template":"","meta":[],"product_brand":[],"product_cat":[51],"product_tag":[],"class_list":{"0":"post-7418","1":"product","2":"type-product","3":"status-publish","4":"has-post-thumbnail","6":"product_cat-a-tartiner","7":"product_shipping_class-produits-non-fragile","9":"first","10":"instock","11":"taxable","12":"shipping-taxable","13":"purchasable","14":"product-type-variable"},"jetpack_sharing_enabled":true,"_links":{"self":[{"href":"https:\/\/www.fitchef.fr\/index.php\/wp-json\/wp\/v2\/product\/7418","targetHints":{"allow":["GET"]}}],"collection":[{"href":"https:\/\/www.fitchef.fr\/index.php\/wp-json\/wp\/v2\/product"}],"about":[{"href":"https:\/\/www.fitchef.fr\/index.php\/wp-json\/wp\/v2\/types\/product"}],"replies":[{"embeddable":true,"href":"https:\/\/www.fitchef.fr\/index.php\/wp-json\/wp\/v2\/comments?post=7418"}],"wp:featuredmedia":[{"embeddable":true,"href":"https:\/\/www.fitchef.fr\/index.php\/wp-json\/wp\/v2\/media\/7440"}],"wp:attachment":[{"href":"https:\/\/www.fitchef.fr\/index.php\/wp-json\/wp\/v2\/media?parent=7418"}],"wp:term":[{"taxonomy":"product_brand","embeddable":true,"href":"https:\/\/www.fitchef.fr\/index.php\/wp-json\/wp\/v2\/product_brand?post=7418"},{"taxonomy":"product_cat","embeddable":true,"href":"https:\/\/www.fitchef.fr\/index.php\/wp-json\/wp\/v2\/product_cat?post=7418"},{"taxonomy":"product_tag","embeddable":true,"href":"https:\/\/www.fitchef.fr\/index.php\/wp-json\/wp\/v2\/product_tag?post=7418"}],"curies":[{"name":"wp","href":"https:\/\/api.w.org\/{rel}","templated":true}]}}