{"id":6006,"date":"2022-09-27T17:06:35","date_gmt":"2022-09-27T15:06:35","guid":{"rendered":"http:\/\/www.fitchef.fr\/?post_type=product&#038;p=6006"},"modified":"2025-10-05T23:02:09","modified_gmt":"2025-10-05T21:02:09","slug":"nonolito-100-noisette","status":"publish","type":"product","link":"https:\/\/www.fitchef.fr\/index.php\/produit\/nonolito-100-noisette\/","title":{"rendered":"NON\u00d3LITO : 100% Noisette !"},"content":{"rendered":"<p><strong><em>Pots de 400g<\/em><\/strong><\/p>\n<p><strong>Ingr\u00e9dients<\/strong><i> : Noisettes, \u00a0et c\u2019est tout !<\/i><br \/>\n<strong>Conservation<\/strong><i> :\u00a0Officiellement\u00a02\/3 mois au\u00a0r\u00e9frig\u00e9rateur. Bien que pour une meilleure\u00a0exp\u00e9rience gustative, le frigo va figer la\u00a0p\u00e2te, elle est meilleure \u00e0 temp\u00e9rature ambiante. Ma p\u00e2te \u00e0 tartiner ne craint rien hors du frigo, car il n&rsquo;y a ni\u00a0cr\u00e8me, ni lait, ni beurre. Vous\u00a0pouvez la conserver \u00e0\u00a0l&rsquo;ext\u00e9rieur, mais\u00a0effectivement si vous voulez la garder plus longtemps, gardez la au r\u00e9frig\u00e9rateur<\/i><\/p>\n","protected":false},"excerpt":{"rendered":"<h6>NON\u00d3LITO :<br \/>\nDe la p\u00e2te \u00e0 tartiner Noisette 100% noisettes !!! Maintenant en version prot\u00e9in\u00e9e<\/h6>\n<p>rien nada wellou, juste des noisettes torr\u00e9fi\u00e9es \u00e0 la maison.<\/p>\n","protected":false},"featured_media":5623,"comment_status":"open","ping_status":"closed","template":"","meta":[],"product_brand":[],"product_cat":[51],"product_tag":[],"class_list":{"0":"post-6006","1":"product","2":"type-product","3":"status-publish","4":"has-post-thumbnail","6":"product_cat-a-tartiner","7":"product_shipping_class-produits-non-fragile","9":"first","10":"instock","11":"taxable","12":"shipping-taxable","13":"purchasable","14":"product-type-variable"},"jetpack_sharing_enabled":true,"_links":{"self":[{"href":"https:\/\/www.fitchef.fr\/index.php\/wp-json\/wp\/v2\/product\/6006","targetHints":{"allow":["GET"]}}],"collection":[{"href":"https:\/\/www.fitchef.fr\/index.php\/wp-json\/wp\/v2\/product"}],"about":[{"href":"https:\/\/www.fitchef.fr\/index.php\/wp-json\/wp\/v2\/types\/product"}],"replies":[{"embeddable":true,"href":"https:\/\/www.fitchef.fr\/index.php\/wp-json\/wp\/v2\/comments?post=6006"}],"wp:featuredmedia":[{"embeddable":true,"href":"https:\/\/www.fitchef.fr\/index.php\/wp-json\/wp\/v2\/media\/5623"}],"wp:attachment":[{"href":"https:\/\/www.fitchef.fr\/index.php\/wp-json\/wp\/v2\/media?parent=6006"}],"wp:term":[{"taxonomy":"product_brand","embeddable":true,"href":"https:\/\/www.fitchef.fr\/index.php\/wp-json\/wp\/v2\/product_brand?post=6006"},{"taxonomy":"product_cat","embeddable":true,"href":"https:\/\/www.fitchef.fr\/index.php\/wp-json\/wp\/v2\/product_cat?post=6006"},{"taxonomy":"product_tag","embeddable":true,"href":"https:\/\/www.fitchef.fr\/index.php\/wp-json\/wp\/v2\/product_tag?post=6006"}],"curies":[{"name":"wp","href":"https:\/\/api.w.org\/{rel}","templated":true}]}}