{"id":5576,"date":"2022-09-19T13:10:44","date_gmt":"2022-09-19T11:10:44","guid":{"rendered":"http:\/\/www.fitchef.fr\/?post_type=product&#038;p=5576"},"modified":"2025-10-04T17:22:32","modified_gmt":"2025-10-04T15:22:32","slug":"cacaulito-pate-a-tartiner-57-nuts","status":"publish","type":"product","link":"https:\/\/www.fitchef.fr\/index.php\/produit\/cacaulito-pate-a-tartiner-57-nuts\/","title":{"rendered":"CACA\u00d9LITO : P\u00e2te \u00e0 tartiner 57% Nuts !"},"content":{"rendered":"<p style=\"text-align: center;\"><i>On fait l&rsquo;inverse des p\u00e2tes \u00e0 tartiner classiques : 57% de noisettes et 15% de sucre (dans la plupart des p\u00e2tes \u00e0 tartiner vous trouverez 55% de sucre et 15% de noisettes)<\/i><\/p>\n<p style=\"text-align: center;\"><i>sans oublier qu&rsquo;il n&rsquo;y a aucune huile de palme ici\u00a0<\/i><\/p>\n<p style=\"text-align: center;\"><i>HOurraaaaaaaaa<\/i><\/p>\n<p style=\"text-align: center;\">nfin une vraie bonne p\u00e2te \u00e0 tartiner, tant gustativement que nutritionnellement<\/p>\n<p><strong><em>Pot de 400g<br \/>\n1,2kgs RUPTURE DE STOCK\u00a0<\/em><\/strong><\/p>\n<p><strong style=\"font-style: italic;\">Ingr\u00e9dients<\/strong><i> : Noisettes, chocolat noir, huile v\u00e9g\u00e9tale, sucre, (cacahu\u00e8tes)<\/i><br \/>\n<strong style=\"font-style: italic;\">Conservation<\/strong><i> :\u00a0Officiellement\u00a02\/3 mois au\u00a0r\u00e9frig\u00e9rateur. Bien que pour une meilleure\u00a0exp\u00e9rience gustative, le frigo va figer la\u00a0p\u00e2te, elle est meilleure \u00e0 temp\u00e9rature ambiante. Ma p\u00e2te \u00e0 tartiner ne craint rien hors du frigo, car il n&rsquo;y a ni\u00a0cr\u00e8me, ni lait, ni beurre. Vous\u00a0pouvez la conserver \u00e0\u00a0l&rsquo;ext\u00e9rieur, mais\u00a0effectivement si vous voulez la garder plus longtemps, gardez la au r\u00e9frig\u00e9rateur<\/i><\/p>\n<p><em>400g (45\u20ac\/kg) ou 1,2kgs (40\/kg)`<\/em><\/p>\n","protected":false},"excerpt":{"rendered":"<p><strong>CACA\u00d9LITO :<\/strong>\u00a0<strong>De la p\u00e2te \u00e0 tartiner HEALTHY de QUALIT\u00c9, un produit avec des aliments nobles\u2026 <\/strong><strong>Le probl\u00e8me c\u2019est qu\u2019apr\u00e8s \u00e7a on ne peut plus revenir en arri\u00e8re<span class=\"Apple-converted-space\">\u00a0<\/span><\/strong><\/p>\n<p>Beaucoup de go\u00fbt, texture onctueuse, petit morceaux de noisettes torr\u00e9fi\u00e9es (si vous avez choisi la version crunchy), le vrai gout de noisette et chocolat<\/p>\n<p>\u2022 57% noisettes (4,5 x PLUS que notre ami avec un ridicule 13%)<br \/>\n\u2022 15% de sucre (4 x MOINS &gt; Notre ami en a 55% !!)<br \/>\n\u2022 15% de vrai chocolat (2 x PLUS &gt; 7,4% de cacao l\u00e0-bas)<br \/>\n\u2022 9,5% de bonne huile v\u00e9g\u00e9tale (contre 17% d\u2019huile de palme)<\/p>\n<p><i>Choisir son camp : <\/i><strong style=\"font-style: italic;\">crunchy<\/strong><i> ou <\/i><strong style=\"font-style: italic;\">soft<\/strong><i> (avec ou sans morceaux de noisettes) avec ou <strong>sans p\u00e9pites de\u00a0chocolat<\/strong>, ou les deux !<\/i><i><\/i><\/p>\n<p>&nbsp;<\/p>\n<p><em>1,2kgs : RUPTURE DE STOCK<\/em><\/p>\n","protected":false},"featured_media":5588,"comment_status":"open","ping_status":"closed","template":"","meta":[],"product_brand":[],"product_cat":[51],"product_tag":[],"class_list":{"0":"post-5576","1":"product","2":"type-product","3":"status-publish","4":"has-post-thumbnail","6":"product_cat-a-tartiner","7":"product_shipping_class-produits-non-fragile","9":"first","10":"instock","11":"taxable","12":"shipping-taxable","13":"purchasable","14":"product-type-variable"},"jetpack_sharing_enabled":true,"_links":{"self":[{"href":"https:\/\/www.fitchef.fr\/index.php\/wp-json\/wp\/v2\/product\/5576","targetHints":{"allow":["GET"]}}],"collection":[{"href":"https:\/\/www.fitchef.fr\/index.php\/wp-json\/wp\/v2\/product"}],"about":[{"href":"https:\/\/www.fitchef.fr\/index.php\/wp-json\/wp\/v2\/types\/product"}],"replies":[{"embeddable":true,"href":"https:\/\/www.fitchef.fr\/index.php\/wp-json\/wp\/v2\/comments?post=5576"}],"wp:featuredmedia":[{"embeddable":true,"href":"https:\/\/www.fitchef.fr\/index.php\/wp-json\/wp\/v2\/media\/5588"}],"wp:attachment":[{"href":"https:\/\/www.fitchef.fr\/index.php\/wp-json\/wp\/v2\/media?parent=5576"}],"wp:term":[{"taxonomy":"product_brand","embeddable":true,"href":"https:\/\/www.fitchef.fr\/index.php\/wp-json\/wp\/v2\/product_brand?post=5576"},{"taxonomy":"product_cat","embeddable":true,"href":"https:\/\/www.fitchef.fr\/index.php\/wp-json\/wp\/v2\/product_cat?post=5576"},{"taxonomy":"product_tag","embeddable":true,"href":"https:\/\/www.fitchef.fr\/index.php\/wp-json\/wp\/v2\/product_tag?post=5576"}],"curies":[{"name":"wp","href":"https:\/\/api.w.org\/{rel}","templated":true}]}}