{"id":5493,"date":"2022-09-19T13:09:37","date_gmt":"2022-09-19T11:09:37","guid":{"rendered":"http:\/\/www.fitchef.fr\/?post_type=product&#038;p=5493"},"modified":"2025-10-14T17:14:29","modified_gmt":"2025-10-14T15:14:29","slug":"tarte-bresilienne","status":"publish","type":"product","link":"https:\/\/www.fitchef.fr\/index.php\/produit\/tarte-bresilienne\/","title":{"rendered":"Tarte Br\u00e9silienne au Citron"},"content":{"rendered":"<p>Non vraiment&#8230; Rien \u00e0 voir avec ce que vous commandez en boulangerie-p\u00e2tisserie<\/p>\n<p>Pourquoi do Brasil ? Parce que figurez vous que j&rsquo;ai ramen\u00e9 cette id\u00e9e de l\u00e0-bas lorsque j&rsquo;y ai v\u00e9cu.\u00a0J&rsquo;ai d\u00e9couvert une fa\u00e7on de cuisiner la tarte au citron encore jamais vue !<br \/>\nJ&rsquo;ai ramen\u00e9 cette id\u00e9e en France, ai peaufin\u00e9 la recette, et choisi une d\u00e9coration digne d&rsquo;une vraie cheffe !<\/p>\n<p><em><strong>Ingr\u00e9dients :\u00a0<\/strong>citron jaune, citron vert, poudre d&rsquo;amande, cr\u00e8me, blanc d\u2019\u0153uf cuit (meringue italienne d\u00e9co), huile v\u00e9g\u00e9tale, poudre \u00e0 lever, cannelle, farine de bl\u00e9, beurre, sucre, sel, g\u00e9latine<\/em><br \/>\n<em>Peut contenir des traces de cacahu\u00e8te et de FRUITS \u00c0 COQUE<\/em><\/p>\n<p><em><strong>Conservation : <\/strong>doit se conserver au r\u00e9frig\u00e9rateur et doit \u00eatre consomm\u00e9 dans les 3 jours suivant r\u00e9ception<\/em><\/p>\n<p>&nbsp;<\/p>\n","protected":false},"excerpt":{"rendered":"<ul>\n<li><strong><i>PAS D&rsquo;ENVOIS \u00a0COLIS !!! \u00c0 R\u00c9CUPER SUR PLACE, GUYANCOURT (78)*<\/i><br \/>\n<i>Pour les commandes d&rsquo;entremets merci de combiner votre commande avec un\u00a0email pour\u00a0d\u00e9terminer le jour exact de r\u00e9cup\u00e9ration de commande (du mardi au dimanche)<\/i><\/strong><\/li>\n<\/ul>\n<hr \/>\n<p>Le produit phare de FitChef,\u00a0Torta de Lim\u00e3o do Brasiiiiil \ud83c\udde7\ud83c\uddf7<br \/>\nVous n&rsquo;avez jamais mang\u00e9 une tarte au citron comme \u00e7a ! L\u00e9ger et frais, vous serez \u00e9tonn\u00e9 !<\/p>\n<ul>\n<li>Une base de biscuit croustillant<\/li>\n<li>Une mousse citron ultra fra\u00eeche, l\u00e9g\u00e8re (du vrai citron press\u00e9 par mes mains Mme!)<\/li>\n<li>Une meringue \u00e0 l&rsquo;italienne<\/li>\n<li>Un macaron gourmand (battez vous pour le partager)<\/li>\n<\/ul>\n<p>De 6 \u00e0 14 parts<\/p>\n","protected":false},"featured_media":5523,"comment_status":"open","ping_status":"closed","template":"","meta":[],"product_brand":[],"product_cat":[47],"product_tag":[],"class_list":{"0":"post-5493","1":"product","2":"type-product","3":"status-publish","4":"has-post-thumbnail","6":"product_cat-gateaux","7":"product_shipping_class-produits-fragile","8":"description-off","10":"first","11":"instock","12":"taxable","13":"shipping-taxable","14":"purchasable","15":"product-type-variable"},"jetpack_sharing_enabled":true,"_links":{"self":[{"href":"https:\/\/www.fitchef.fr\/index.php\/wp-json\/wp\/v2\/product\/5493","targetHints":{"allow":["GET"]}}],"collection":[{"href":"https:\/\/www.fitchef.fr\/index.php\/wp-json\/wp\/v2\/product"}],"about":[{"href":"https:\/\/www.fitchef.fr\/index.php\/wp-json\/wp\/v2\/types\/product"}],"replies":[{"embeddable":true,"href":"https:\/\/www.fitchef.fr\/index.php\/wp-json\/wp\/v2\/comments?post=5493"}],"wp:featuredmedia":[{"embeddable":true,"href":"https:\/\/www.fitchef.fr\/index.php\/wp-json\/wp\/v2\/media\/5523"}],"wp:attachment":[{"href":"https:\/\/www.fitchef.fr\/index.php\/wp-json\/wp\/v2\/media?parent=5493"}],"wp:term":[{"taxonomy":"product_brand","embeddable":true,"href":"https:\/\/www.fitchef.fr\/index.php\/wp-json\/wp\/v2\/product_brand?post=5493"},{"taxonomy":"product_cat","embeddable":true,"href":"https:\/\/www.fitchef.fr\/index.php\/wp-json\/wp\/v2\/product_cat?post=5493"},{"taxonomy":"product_tag","embeddable":true,"href":"https:\/\/www.fitchef.fr\/index.php\/wp-json\/wp\/v2\/product_tag?post=5493"}],"curies":[{"name":"wp","href":"https:\/\/api.w.org\/{rel}","templated":true}]}}